{"id":15,"date":"2025-01-09T13:57:37","date_gmt":"2025-01-09T12:57:37","guid":{"rendered":"https:\/\/andreaskyriakou.com\/?page_id=15"},"modified":"2025-01-13T16:26:41","modified_gmt":"2025-01-13T15:26:41","slug":"conference-musicale","status":"publish","type":"page","link":"https:\/\/andreaskyriakou.com\/index.php\/conference-musicale\/","title":{"rendered":"CONFERENCE &#8211; MUSICALE"},"content":{"rendered":"<!--presto-player:video_id=2--><figure class=\"wp-block-video presto-block-video  presto-provider-youtube\" style=\"--plyr-color-main: var(--presto-player-highlight-color, #00b3ff); --presto-player-logo-width: 150px; \">\n\t<presto-player \n\t\tpreset='{&quot;id&quot;:1,&quot;name&quot;:&quot;Default&quot;,&quot;slug&quot;:&quot;default&quot;,&quot;icon&quot;:&quot;format-video&quot;,&quot;skin&quot;:&quot;modern&quot;,&quot;play-large&quot;:true,&quot;rewind&quot;:true,&quot;play&quot;:true,&quot;fast-forward&quot;:true,&quot;progress&quot;:true,&quot;current-time&quot;:true,&quot;mute&quot;:true,&quot;volume&quot;:true,&quot;speed&quot;:false,&quot;pip&quot;:false,&quot;fullscreen&quot;:true,&quot;captions&quot;:false,&quot;reset_on_end&quot;:true,&quot;auto_hide&quot;:true,&quot;show_time_elapsed&quot;:false,&quot;captions_enabled&quot;:false,&quot;save_player_position&quot;:true,&quot;sticky_scroll&quot;:false,&quot;sticky_scroll_position&quot;:&quot;bottom right&quot;,&quot;on_video_end&quot;:&quot;select&quot;,&quot;play_video_viewport&quot;:false,&quot;hide_youtube&quot;:false,&quot;lazy_load_youtube&quot;:false,&quot;hide_logo&quot;:false,&quot;border_radius&quot;:0,&quot;caption_style&quot;:&quot;&quot;,&quot;caption_background&quot;:&quot;&quot;,&quot;is_locked&quot;:true,&quot;cta&quot;:[&quot;&quot;],&quot;watermark&quot;:[&quot;&quot;],&quot;search&quot;:[&quot;&quot;],&quot;email_collection&quot;:[&quot;&quot;],&quot;action_bar&quot;:[&quot;&quot;],&quot;created_by&quot;:1,&quot;created_at&quot;:&quot;2025-01-09 16:02:38&quot;,&quot;updated_at&quot;:&quot;2025-01-09 16:02:38&quot;,&quot;deleted_at&quot;:&quot;&quot;}'\n\t\tbranding='{&quot;logo&quot;:&quot;&quot;,&quot;color&quot;:&quot;#00b3ff&quot;,&quot;logo_width&quot;:150,&quot;player_css&quot;:&quot;&quot;}'\n\t\tchapters='[]'\n\t\toverlays='[]'\n\t\ttracks='[]'\n\t\tblock-attributes='{&quot;playsInline&quot;:true,&quot;id&quot;:2,&quot;src&quot;:&quot;https:\\\/\\\/youtu.be\\\/3pgnf54AxX8?si=LK7g21v-25avpR3F&quot;,&quot;preset&quot;:1,&quot;video_id&quot;:&quot;3pgnf54AxX8&quot;,&quot;title&quot;:&quot;Teaser de la Conf\\u00e9rence \\u00ab Bluegrass, Country &amp; Co. \\u00bb&quot;}'\n\t\tanalytics=''\n\t\tautomations\t\tprovider='youtube'\n\t\t\t\tid=\"presto-player-1\"\n\t\tsrc=\"\/\/www.youtube.com\/embed\/3pgnf54AxX8?iv_load_policy=3&amp;modestbranding=1&amp;playinline=1&amp;showinfo=0&amp;rel=0&amp;enablejsapi=1\"\n\t\tmedia-title=\"Teaser de la Conf\u00e9rence \u00ab Bluegrass, Country &amp; Co. \u00bb\"\n\t\tcss=\"\"\n\t\tclass=\"presto-video-id-2 presto-preset-id-1 skin-modern\"\n\t\tskin=\"modern\" \n\t\ticon-url=\"https:\/\/andreaskyriakou.com\/wp-content\/plugins\/presto-player\/img\/sprite.svg\" \n\t\tpreload=\"\" \n\t\tposter=\"\"\n\t\tyoutube=\"{&quot;noCookie&quot;:false,&quot;channelId&quot;:&quot;&quot;,&quot;show_count&quot;:false}\"\n\t\tprovider-video-id=\"3pgnf54AxX8\"\n\t\tvideo-id=\"2\"\n\t\t\t\tvideo-attributes='{}'\n\t\tplaysinline\t\t\t\t>\n\t\t\n    <div class=\"presto-iframe-fallback-container\">\n        <iframe style=\"width: 100%\" title=\"Youtube Video\" class=\"presto-fallback-iframe\" id=\"presto-iframe-fallback-1\" data-src=\"https:\/\/www.youtube.com\/embed\/3pgnf54AxX8?iv_load_policy=3&amp;modestbranding=1&amp;playsinline=1&amp;showinfo=0&amp;rel=0&amp;enablejsapi=1\" allowfullscreen allowtransparency allow=\"autoplay\"><\/iframe>\n    <\/div>\n\n\t<\/presto-player>\n<\/figure>\n\n\n<div style=\"height:7px\" aria-hidden=\"true\" class=\"wp-block-spacer\"><\/div>\n\n\n\n<p class=\"has-black-color has-text-color has-link-color wp-elements-7eecba8c774c48a16f5aa4d9307d5afb\"><strong>Objectifs :<\/strong><\/p>\n\n\n\n<ul class=\"wp-block-list\">\n<li>Faire d\u00e9couvrir la richesse des musiques traditionnelles du Sud des Etats-Unis.<\/li>\n\n\n\n<li>Valoriser les liens entre l&#8217;Histoire et l&#8217;\u00e9volution des musiques\u00a0avec des anecdotes, des mises en contexte et des chansons<strong>.\u00a0\u00a0<\/strong><\/li>\n<\/ul>\n\n\n\n<p class=\"has-normal-font-size\" style=\"font-style:normal;font-weight:600\">Dans le sud-est des \u00e9tats-unis au si\u00e8cle dernier, des immigr\u00e9s d\u2019Angleterre, d\u2019Irlande, de France et d\u2019ailleurs ont m\u00e9lang\u00e9 leurs traditions musicales avec celle des esclaves africains. Le r\u00e9sultat ? Une incroyable richesse musicale qui aura un impact sur le monde entier, et qui pr\u00e9figurera quelques ann\u00e9es plus tard la naissance du rock\u2019n roll !<\/p>\n\n\n\n<p class=\"has-normal-font-size\" style=\"font-style:normal;font-weight:600\">Avec ses guitares, son banjo et sa voix, Andreas Kyriakou nous raconte cette histoire. Ses chansons blues, folk, country et swing, ses anecdotes et son irr\u00e9sistible accent am\u00e9ricain nous garantissent un authentique voyage vers le delta du Mississippi et les montagnes des Appalaches!<\/p>\n\n\n\n<p class=\"has-normal-font-size\" style=\"font-style:normal;font-weight:600\">Welcome to the Deep South !<\/p>\n\n\n\n<div style=\"height:28px\" aria-hidden=\"true\" class=\"wp-block-spacer\"><\/div>\n\n\n<div class=\"wp-block-image\">\n<figure class=\"aligncenter size-full is-resized\"><img loading=\"lazy\" decoding=\"async\" width=\"1920\" height=\"1440\" src=\"https:\/\/andreaskyriakou.com\/wp-content\/uploads\/2025\/01\/Simple-Conference-2.jpg\" alt=\"\" class=\"wp-image-98\" style=\"width:577px;height:auto\" srcset=\"https:\/\/andreaskyriakou.com\/wp-content\/uploads\/2025\/01\/Simple-Conference-2.jpg 1920w, https:\/\/andreaskyriakou.com\/wp-content\/uploads\/2025\/01\/Simple-Conference-2-300x225.jpg 300w, https:\/\/andreaskyriakou.com\/wp-content\/uploads\/2025\/01\/Simple-Conference-2-1024x768.jpg 1024w, https:\/\/andreaskyriakou.com\/wp-content\/uploads\/2025\/01\/Simple-Conference-2-768x576.jpg 768w, https:\/\/andreaskyriakou.com\/wp-content\/uploads\/2025\/01\/Simple-Conference-2-1536x1152.jpg 1536w, https:\/\/andreaskyriakou.com\/wp-content\/uploads\/2025\/01\/Simple-Conference-2-960x720.jpg 960w, https:\/\/andreaskyriakou.com\/wp-content\/uploads\/2025\/01\/Simple-Conference-2-640x480.jpg 640w\" sizes=\"auto, (max-width: 1920px) 100vw, 1920px\" \/><\/figure>\n<\/div>\n\n\n<p class=\"has-text-align-center has-white-color has-medium-black-background-color has-text-color has-background has-link-color wp-elements-ce029fea4c67789b027bb20774b1ddf5\" style=\"border-radius:99px\">Dur\u00e9e : 1h30 ou moins selon les besoins<\/p>\n\n\n\n<p class=\"has-text-align-center has-white-color has-medium-black-background-color has-text-color has-background has-link-color wp-elements-991d8f2675fa34c22bca0628e1eb0ec6\" style=\"border-radius:100px\">Tous publics, des curieux aux passionn\u00e9.es !<\/p>\n\n\n\n<p class=\"has-text-align-center has-white-color has-medium-black-background-color has-text-color has-background has-link-color wp-elements-50131356dc19affafdda8fa92a79b34f\" style=\"border-radius:100px\">Autonome en termes de sonorisation<\/p>\n\n\n\n<div style=\"height:11px\" aria-hidden=\"true\" class=\"wp-block-spacer\"><\/div>\n\n\n\n<p class=\"has-normal-font-size\" style=\"font-style:normal;font-weight:600\">En collaboration avec l&#8217;association <a href=\"https:\/\/simplesconferences.com\/\"><em>Simples Conf\u00e9rences<\/em><\/a><\/p>\n\n\n\n<p><\/p>\n","protected":false},"excerpt":{"rendered":"<p>Objectifs : Dans le sud-est des \u00e9tats-unis au si\u00e8cle dernier, des immigr\u00e9s d\u2019Angleterre, d\u2019Irlande, de France et d\u2019ailleurs ont m\u00e9lang\u00e9 leurs traditions musicales avec celle des esclaves africains. Le r\u00e9sultat<a href=\"https:\/\/andreaskyriakou.com\/index.php\/conference-musicale\/\" class=\"more-link\"><span class=\"readmore\">Continue reading<span class=\"screen-reader-text\">CONFERENCE &#8211; MUSICALE<\/span><\/span><\/a><\/p>\n","protected":false},"author":1,"featured_media":0,"parent":0,"menu_order":0,"comment_status":"closed","ping_status":"closed","template":"","meta":{"footnotes":""},"class_list":["post-15","page","type-page","status-publish","hentry"],"_links":{"self":[{"href":"https:\/\/andreaskyriakou.com\/index.php\/wp-json\/wp\/v2\/pages\/15","targetHints":{"allow":["GET"]}}],"collection":[{"href":"https:\/\/andreaskyriakou.com\/index.php\/wp-json\/wp\/v2\/pages"}],"about":[{"href":"https:\/\/andreaskyriakou.com\/index.php\/wp-json\/wp\/v2\/types\/page"}],"author":[{"embeddable":true,"href":"https:\/\/andreaskyriakou.com\/index.php\/wp-json\/wp\/v2\/users\/1"}],"replies":[{"embeddable":true,"href":"https:\/\/andreaskyriakou.com\/index.php\/wp-json\/wp\/v2\/comments?post=15"}],"version-history":[{"count":12,"href":"https:\/\/andreaskyriakou.com\/index.php\/wp-json\/wp\/v2\/pages\/15\/revisions"}],"predecessor-version":[{"id":105,"href":"https:\/\/andreaskyriakou.com\/index.php\/wp-json\/wp\/v2\/pages\/15\/revisions\/105"}],"wp:attachment":[{"href":"https:\/\/andreaskyriakou.com\/index.php\/wp-json\/wp\/v2\/media?parent=15"}],"curies":[{"name":"wp","href":"https:\/\/api.w.org\/{rel}","templated":true}]}}