{"id":17,"date":"2025-01-09T13:58:20","date_gmt":"2025-01-09T12:58:20","guid":{"rendered":"https:\/\/andreaskyriakou.com\/?page_id=17"},"modified":"2025-01-13T15:07:18","modified_gmt":"2025-01-13T14:07:18","slug":"biographie","status":"publish","type":"page","link":"https:\/\/andreaskyriakou.com\/index.php\/biographie\/","title":{"rendered":"BIOGRAPHIE"},"content":{"rendered":"<div class=\"wp-block-image\">\n<figure class=\"aligncenter size-large is-resized\"><img loading=\"lazy\" decoding=\"async\" width=\"1024\" height=\"683\" src=\"https:\/\/andreaskyriakou.com\/wp-content\/uploads\/2025\/01\/Andreas-Kyriakou-5-1024x683.jpg\" alt=\"\" class=\"wp-image-73\" style=\"width:594px;height:auto\" srcset=\"https:\/\/andreaskyriakou.com\/wp-content\/uploads\/2025\/01\/Andreas-Kyriakou-5-1024x683.jpg 1024w, https:\/\/andreaskyriakou.com\/wp-content\/uploads\/2025\/01\/Andreas-Kyriakou-5-300x200.jpg 300w, https:\/\/andreaskyriakou.com\/wp-content\/uploads\/2025\/01\/Andreas-Kyriakou-5-768x512.jpg 768w, https:\/\/andreaskyriakou.com\/wp-content\/uploads\/2025\/01\/Andreas-Kyriakou-5-1536x1024.jpg 1536w, https:\/\/andreaskyriakou.com\/wp-content\/uploads\/2025\/01\/Andreas-Kyriakou-5-2048x1365.jpg 2048w\" sizes=\"auto, (max-width: 1024px) 100vw, 1024px\" \/><\/figure>\n<\/div>\n\n\n<p class=\"has-text-align-center\">Andreas Kyriakou a grandi en G\u00e9orgie (USA) au carrefour culturel du Blues, de la Country, de l\u2019Old Time, du Bluegrass et plus encore. Musicien, com\u00e9dien et p\u00e9dagogue, Andreas s\u2019est initi\u00e9 au th\u00e9\u00e2tre d\u00e8s l\u2019\u00e2ge de 7 ans et a commenc\u00e9 son \u00e9ducation musicale \u00e0 12 ans. Apr\u00e8s des \u00e9tudes de jazz \u00e0 l\u2019universit\u00e9, il a form\u00e9 un groupe de Bluegrass avant de<br>d\u00e9m\u00e9nager \u00e0 Barcelone et ensuite \u00e0 Toulouse o\u00f9 il se pr\u00e9sentera sur diff\u00e9rentes sc\u00e8nes europ\u00e9ennes. En parall\u00e8le, il enseigne la guitare et la basse depuis 2006 et anime les colonies artistiques <strong><em>Rock the Casbah<\/em><\/strong> depuis 2014. Il est \u00e9galement guitariste et arrangeur du projet <a href=\"http:\/\/www.anita.top\"><strong>ANITA<\/strong><\/a>.<\/p>\n","protected":false},"excerpt":{"rendered":"<p>Andreas Kyriakou a grandi en G\u00e9orgie (USA) au carrefour culturel du Blues, de la Country, de l\u2019Old Time, du Bluegrass et plus encore. Musicien, com\u00e9dien et p\u00e9dagogue, Andreas s\u2019est initi\u00e9<a href=\"https:\/\/andreaskyriakou.com\/index.php\/biographie\/\" class=\"more-link\"><span class=\"readmore\">Continue reading<span class=\"screen-reader-text\">BIOGRAPHIE<\/span><\/span><\/a><\/p>\n","protected":false},"author":1,"featured_media":0,"parent":0,"menu_order":0,"comment_status":"closed","ping_status":"closed","template":"","meta":{"footnotes":""},"class_list":["post-17","page","type-page","status-publish","hentry"],"_links":{"self":[{"href":"https:\/\/andreaskyriakou.com\/index.php\/wp-json\/wp\/v2\/pages\/17","targetHints":{"allow":["GET"]}}],"collection":[{"href":"https:\/\/andreaskyriakou.com\/index.php\/wp-json\/wp\/v2\/pages"}],"about":[{"href":"https:\/\/andreaskyriakou.com\/index.php\/wp-json\/wp\/v2\/types\/page"}],"author":[{"embeddable":true,"href":"https:\/\/andreaskyriakou.com\/index.php\/wp-json\/wp\/v2\/users\/1"}],"replies":[{"embeddable":true,"href":"https:\/\/andreaskyriakou.com\/index.php\/wp-json\/wp\/v2\/comments?post=17"}],"version-history":[{"count":2,"href":"https:\/\/andreaskyriakou.com\/index.php\/wp-json\/wp\/v2\/pages\/17\/revisions"}],"predecessor-version":[{"id":74,"href":"https:\/\/andreaskyriakou.com\/index.php\/wp-json\/wp\/v2\/pages\/17\/revisions\/74"}],"wp:attachment":[{"href":"https:\/\/andreaskyriakou.com\/index.php\/wp-json\/wp\/v2\/media?parent=17"}],"curies":[{"name":"wp","href":"https:\/\/api.w.org\/{rel}","templated":true}]}}